{"id":8470,"date":"2024-12-20T13:54:59","date_gmt":"2024-12-20T12:54:59","guid":{"rendered":"https:\/\/ajrest.dkonto.pl\/sklep\/?post_type=product&#038;p=8470"},"modified":"2025-08-06T14:54:48","modified_gmt":"2025-08-06T12:54:48","slug":"rollmasaz-konfigurator","status":"publish","type":"product","link":"https:\/\/ajrest.dkonto.pl\/sklep\/produkt\/rollmasaz-konfigurator\/","title":{"rendered":"Rollmasa\u017cer Konfigurator<br><br>"},"content":{"rendered":"<p>&nbsp;<\/p>\n<p><strong>Rollmasa\u017cery wyst\u0119puj\u0105 w wersjach ze sterowaniem manualnym i elektronicznym oraz wyst\u0119puj\u0105 w wersji: bez lampy, z lamp\u0105 podczerwon\u0105 oraz lamp\u0105 podczerwon\u0105 i soczewkami kolagenowymi<\/strong><\/p>\n<p><strong>Basic<\/strong> &#8211; sterowanie manualne, brak lamp, mo\u017cliwo\u015b\u0107 zmiany szybko\u015bci obrotu i kierunku b\u0119bna.<br \/>\nStandard &#8211; sterowanie manualne, lampa podczerwona, sterowanie manualne, mo\u017cliwo\u015b\u0107 zmiany szybko\u015bci obrotu i kierunku b\u0119bna, w\u0142\/wy\u0142 lampy<br \/>\nStandard z kolagenem &#8211; sterowanie manualne, lampa podczerwona, soczewki kolagenowe, mo\u017cliwo\u015b\u0107 zmiany szybko\u015bci obrotu i kierunku b\u0119bna, w\u0142\/wy\u0142 lampy podczerwonej i kolagenowej<\/p>\n<p><strong>Pro<\/strong> &#8211; sterowanie elektroniczne, lampa podczerwona, soczewki kolagenowe, panel informuj\u0105cy o aktualnie masowanej cz\u0119\u015bci cia\u0142a, programy masa\u017cu, pozosta\u0142y czas treningu. Mo\u017cliwo\u015b\u0107 zmiany szybko\u015bci obrotu i kierunku b\u0119bna, w\u0142\/wy\u0142 lampy podczerwonej i kolagenowej, mo\u017cliwo\u015b\u0107 ustawienia mocy lampy podczerwonej.<\/p>\n<p><strong>Pro Plus<\/strong> &#8211; sterowanie elektroniczne, dodatkowe funkcje Wave i Turbo, lampa podczerwona, soczewki kolagenowe, panel informuj\u0105cy o aktualnie masowanej cz\u0119\u015bci cia\u0142a, programy masa\u017cu, pozosta\u0142y czas treningu. Mo\u017cliwo\u015b\u0107 zmiany szybko\u015bci obrotu i kierunku b\u0119bna, w\u0142\/wy\u0142 lampy podczerwonej i kolagenowej, mo\u017cliwo\u015b\u0107 ustawienia mocy lampy podczerwonej.<\/p>\n<p><strong>ROLLMASA\u017bER<\/strong> to nowy spos\u00f3b na pi\u0119kn\u0105 i szczup\u0142\u0105 sylwetk\u0119 bez wychodzenia z domu.<br \/>\nMasa\u017c za pomoc\u0105 Rollmasa\u017cera polega na masowaniu ca\u0142ego cia\u0142a za pomoc\u0105 drewnianych, charakterystycznie wyprofilowanych rolek.<br \/>\nUrz\u0105dzenie \u0142\u0105czy w sobie \u0142atwo\u015b\u0107 u\u017cytkowania i estetyk\u0119 wykonania a przy tym zajmuje zaledwie 1m2.<br \/>\nOdpowiadaj\u0105c na potrzeby naszych klient\u00f3w stworzyli\u015bmy funkcje, kt\u00f3re \u201ewycisn\u0105\u201d z treningu wszystko co mo\u017cliwe:<\/p>\n<p><strong>ZALETY:<\/strong><br \/>\n\u2013 Szybkie efekty<br \/>\n\u2013 Niski pob\u00f3r pr\u0105du<br \/>\n\u2013 \u0141atwa obs\u0142uga<br \/>\n\u2013 Bez konieczno\u015bci zatrudniania dodatkowej osoby, klientki same obs\u0142uguj\u0105 urz\u0105dzenie<br \/>\n\u2013 Du\u017ca grupa docelowa, urz\u0105dzenie \u0142\u0105czy w sobie efekty wyszczuplaj\u0105ce, reguluj\u0105ce i zdrowotne<\/p>\n<p><strong>ZASTOSOWANIE:<\/strong><br \/>\n\u2013 Do domu<br \/>\n\u2013 Osiedlowe si\u0142ownie gdzie ka\u017cdy centymetr powierzchni ma znaczenie<br \/>\n\u2013 Gabinety kosmetyczne gdzie ka\u017cdy centymetr powierzchni ma znaczenie<br \/>\n\u2013 Gabinety masa\u017cu gdzie ka\u017cdy centymetr powierzchni ma znaczenie<br \/>\n\u2013 Kluby fitness<br \/>\n\u2013 Jako dostawka do urz\u0105dze\u0144<br \/>\n\u2013 Hotele i sanatoria<\/p>\n<p><strong>DANE TECHNICZNE:<\/strong><br \/>\n\u2013 Wymiary d\u0142\/wys\/szer 90cm lub 112cm \/ 75cm\/ 52 cm<br \/>\n\u2013 Inteligentny program \u0107wicze\u0144 (wersja Pro i Pro Plus)<\/p>\n<p><strong>FUNKCJE:<\/strong><br \/>\n\u2013 P\u0142ynna regulacja obrot\u00f3w 30 \u2013 99 obr\/min<br \/>\n\u2013 Obroty prawe i lewe<br \/>\n\u2013 Silnik z ch\u0142odzeniem<br \/>\n\u2013 Bieg wsteczny<br \/>\n\u2013 Mo\u017cliwo\u015b\u0107 wy\u0142\u0105czenia podczerwieni<br \/>\n\u2013 Mo\u017cliwo\u015b\u0107 wy\u0142\u0105czenia lampy kolagenowej<br \/>\n\u2013 Zabezpieczenie przed przeci\u0105\u017ceniem<br \/>\n\u2013 Zabezpieczenie przed wci\u0105gni\u0119ciem<br \/>\n\u2013 Zatrzymanie b\u0119bna<br \/>\n\u2013 Zasilanie 230V, 50Hz, 600W (pob\u00f3r mocy zale\u017cy od obci\u0105\u017cenia)<br \/>\n\u2013 Ud\u017awig b\u0119bna 250kg<br \/>\n\u2013 Gwarancja: 24 m-ce<\/p>\n<p><strong>WYPOSA\u017bENIE:<\/strong><br \/>\n\u2013 Urz\u0105dzenie<br \/>\n\u2013 Sto\u0142ek<br \/>\n\u2013 Mata<br \/>\n\u2013 \u017barnik podczerwieni (w wybranej wersji))<br \/>\n\u2013 Soczewki kolagenowe (w wybranej wersji)<br \/>\n\u2013 Plakat z pozycjami masa\u017cu<br \/>\n\u2013 Plan \u0107wicze\u0144<\/p>\n<p><strong>TERAPIA PODCZERWIENI\u0104:<\/strong><br \/>\nDzia\u0142anie promieniowania podczerwieni powoduje, \u017ce organizm \u0142atwiej wydala nie tylko wod\u0119, ale tak\u017ce t\u0142uszcz (20%), cholesterol, metale ci\u0119\u017ckie, kwasy i zwi\u0105zki toksyczne, mobilizuje si\u0142y obronne naszego organizmu, wzmacnia uk\u0142ad immunologiczny.<\/p>\n<p>Pomaga r\u00f3wnie\u017c wi\u0105za\u0107 wolne rodniki, powoduj\u0105c efektywne oczyszczanie organizmu, usuwanie podsk\u00f3rnej tkanki t\u0142uszczowej i zmniejszenie cellulitu, w wyniku czego sk\u00f3ra staje si\u0119 j\u0119drna i elastyczna. Dodatkowo promieniowanie podczerwieni \u2013 wykorzystane zosta\u0142o do walki z nadwag\u0105, bowiem pozwala na b\u0142yskawiczne rozgrzanie tkanek i mi\u0119\u015bni wzmagaj\u0105c przy tym kr\u0105\u017cenie i metabolizm.<\/p>\n<p>Pod wp\u0142ywem ciep\u0142a poprawia si\u0119 kr\u0105\u017cenie krwi, sk\u00f3ra wydala zanieczyszczenia i martwe kom\u00f3rki, a przez to staje si\u0119 bardziej j\u0119drna i g\u0142adka.<br \/>\nSkutkiem tego jest zwi\u0119kszenie przep\u0142ywu krwi, lepsze dotlenienie i ukrwienie tkanek. Tlen jest lepiej doprowadzany do kom\u00f3rek cia\u0142a.<br \/>\nTo powoduje odpr\u0119\u017cenie, redukuje b\u00f3le mi\u0119\u015bniowe i przyspiesza procesy leczenia. Sk\u00f3ra czerwienieje, co oznacza, \u017ce bogata w tlen krew dociera do miejsc, gdzie cz\u0119sto mo\u017ce jej brakowa\u0107.<\/p>\n<p>Metoda ta znacznie przy\u015bpiesza spalanie tkanki t\u0142uszczowej, redukcj\u0119 cellulitu i poprawia wygl\u0105d sk\u00f3ry.<br \/>\nZapewnia r\u00f3wnie\u017c wyst\u0119puj\u0105cy przy temperaturze 35-45 stopni Celsjusza zdrowy efekt pocenia, kt\u00f3ry przy\u015bpiesza usuwania z organizmu szkodliwych substancji i toksyn.<br \/>\nTerapia podczerwieni\u0105 wzmacnia system immunologiczny i skutecznie wspomaga walk\u0119 z przezi\u0119bieniami i zaka\u017ceniami grypopodobnymi w pocz\u0105tkowych ich stadiach.<\/p>\n<p><strong>TERAPIA KOLAGENOWA:<\/strong><br \/>\nKolagenowa Terapia \u015awietlna, jest jednym z najskuteczniejszych terapii przeciw zmarszczkowych jakie mo\u017cesz zastosowa\u0107. Jest to jedyna naturalna, nieinwazyjna kuracja, dzi\u0119ki kt\u00f3rej mo\u017cesz ca\u0142kowicie bezinwazyjnie pozby\u0107 si\u0119 zmarszczek i poprawi\u0107 jako\u015b\u0107 swojej sk\u00f3ry!<\/p>\n<p>Podczas terapii kolagen nie wykorzystuje opalaj\u0105cego promieniowania UV, ani promieniowania laserowego, lecz emituje fale \u015bwietlne o d\u0142ugo\u015bci 633 nanometr\u00f3w istniej\u0105ce w zakresie widma \u015bwiat\u0142a widzialnego.<\/p>\n<p>Widoczne r\u00f3\u017cowe \u015bwiat\u0142o, jest ciep\u0142e i przyjemne oraz posiada dzia\u0142anie relaksuj\u0105ce, a przez swoje oddzia\u0142ywanie na kom\u00f3rki ludzkiej sk\u00f3ry, stymuluje w\u0142a\u015bciwy dla ka\u017cdego organizmu proces biosyntezy.<\/p>\n<p>Wnika do sk\u00f3ry na g\u0142\u0119boko\u015b\u0107 nawet 10 milimetr\u00f3w. Dawka promieniowania docieraj\u0105c do g\u0142\u0119bszych warstw stymuluje odbudow\u0119 kolagenu i elastyny w sk\u00f3rze.<br \/>\nOdbudowa utraconego kolagenu i elastyny z zastosowaniem terapii kolagenowej, jest procesem wymagaj\u0105cym czasu i nieco cierpliwo\u015bci od osoby poddaj\u0105cej si\u0119 temu procesowi, bo oddzia\u0142uje na naturalne mechanizmy obronne organizmu, zachodz\u0105ce w tkance sk\u00f3rnej. Proces taki nie mo\u017ce by\u0107 gwa\u0142towny i szybki, jednak jego efekty s\u0105 znakomite.<\/p>\n<p>FUNKCJA WAVE powoduje cykliczne przy\u015bpieszenie oraz spowolnienie b\u0119bna.<\/p>\n<p>Takie dzia\u0142anie urz\u0105dzenia powoduje dodatkow\u0105 stymulacj\u0119 masowanej cz\u0119\u015bci cia\u0142a co dzia\u0142a na zwi\u0119kszenie efekt\u00f3w treningu. Zmienna szybko\u015b\u0107 obrot\u00f3w b\u0119bna zdecydowanie polepsza efekty zwalczania cellulitu, uj\u0119drniania sk\u00f3ry.<br \/>\nFUNKCJA TURBO powoduje przy\u015bpieszenie pracy b\u0119bna przez 30s.<br \/>\nTakie dzia\u0142anie urz\u0105dzenie powoduje dope\u0142nienie treningu poprzez maksymalne wymasowanie (zm\u0119czenie) masowanej cz\u0119\u015bci cia\u0142a. Uczucie 100% wymasowania cz\u0119\u015bci cia\u0142a daje pe\u0142nie satysfakcji oraz gwarantuje najlepsze efekty.<\/p>\n<p>PRZY ZAKUPIE I WYBORZE KOLORU Z TABELI, PROSIMY O PODANIE SYMBOLU KOLORU W UWAGACH<br \/>\n1. KOLOR PODSTAWOWY (boki, prz\u00f3d, ty\u0142 urz\u0105dzenia)<br \/>\n2. KOLOR DODATKOWY (pod\u0142okietniki, mata, siedzisko taboretu)<br \/>\n3. ROLKI \u2013 DREWNO BUKOWE (drewno naturalne, drewno bejcowane, malowane na bia\u0142o lub czarno)<\/p>\n","protected":false},"excerpt":{"rendered":"<p>&nbsp; Rollmasa\u017cery wyst\u0119puj\u0105 w wersjach ze sterowaniem manualnym i elektronicznym oraz wyst\u0119puj\u0105 w wersji: bez lampy, z lamp\u0105 podczerwon\u0105 oraz lamp\u0105 podczerwon\u0105 i soczewkami kolagenowymi Basic &#8211; sterowanie manualne, brak lamp, mo\u017cliwo\u015b\u0107 zmiany szybko\u015bci obrotu i kierunku b\u0119bna. Standard &#8211; sterowanie manualne, lampa podczerwona, sterowanie manualne, mo\u017cliwo\u015b\u0107 zmiany szybko\u015bci obrotu i kierunku b\u0119bna, w\u0142\/wy\u0142 lampy [&hellip;]<\/p>\n","protected":false},"featured_media":7466,"template":"","meta":{"_acf_changed":false},"product_cat":[82,85,86,17,84,83],"product_tag":[],"class_list":{"0":"post-8470","1":"product","2":"type-product","3":"status-publish","4":"has-post-thumbnail","6":"product_cat-basic","7":"product_cat-pro","8":"product_cat-pro-plus","9":"product_cat-rollmasazery","10":"product_cat-standard-irkolagen","11":"product_cat-standard-z-ir","13":"first","14":"instock","15":"taxable","16":"shipping-taxable","17":"purchasable","18":"product-type-variable"},"acf":[],"yoast_head":"<!-- This site is optimized with the Yoast SEO plugin v24.2 - https:\/\/yoast.com\/wordpress\/plugins\/seo\/ -->\n<title>Rollmasa\u017cer Konfigurator - Producent Rollmasa\u017cy - Sklep Sprzeda\u017c i Wynajem - Rollmasa\u017c, Roller, Roletic, Masa\u017c, Masa\u017c Limfatyczny, Studio Figura, Masa\u017cer, Producent rollmasa\u017cy, Rolki, Urz\u0105dzenia do Masa\u017cu, Drena\u017c Limfatyczny<\/title>\n<meta name=\"robots\" content=\"index, follow, max-snippet:-1, max-image-preview:large, max-video-preview:-1\" \/>\n<link rel=\"canonical\" href=\"https:\/\/ajrest.dkonto.pl\/sklep\/produkt\/rollmasaz-konfigurator\/\" \/>\n<meta property=\"og:locale\" content=\"pl_PL\" \/>\n<meta property=\"og:type\" content=\"article\" \/>\n<meta property=\"og:title\" content=\"Rollmasa\u017cer Konfigurator - Producent Rollmasa\u017cy - Sklep Sprzeda\u017c i Wynajem - Rollmasa\u017c, Roller, Roletic, Masa\u017c, Masa\u017c Limfatyczny, Studio Figura, Masa\u017cer, Producent rollmasa\u017cy, Rolki, Urz\u0105dzenia do Masa\u017cu, Drena\u017c Limfatyczny\" \/>\n<meta property=\"og:description\" content=\"&nbsp; Rollmasa\u017cery wyst\u0119puj\u0105 w wersjach ze sterowaniem manualnym i elektronicznym oraz wyst\u0119puj\u0105 w wersji: bez lampy, z lamp\u0105 podczerwon\u0105 oraz lamp\u0105 podczerwon\u0105 i soczewkami kolagenowymi Basic &#8211; sterowanie manualne, brak lamp, mo\u017cliwo\u015b\u0107 zmiany szybko\u015bci obrotu i kierunku b\u0119bna. Standard &#8211; sterowanie manualne, lampa podczerwona, sterowanie manualne, mo\u017cliwo\u015b\u0107 zmiany szybko\u015bci obrotu i kierunku b\u0119bna, w\u0142\/wy\u0142 lampy [&hellip;]\" \/>\n<meta property=\"og:url\" content=\"https:\/\/ajrest.dkonto.pl\/sklep\/produkt\/rollmasaz-konfigurator\/\" \/>\n<meta property=\"og:site_name\" content=\"Producent Rollmasa\u017cy - Sklep Sprzeda\u017c i Wynajem - Rollmasa\u017c, Roller, Roletic, Masa\u017c, Masa\u017c Limfatyczny, Studio Figura, Masa\u017cer, Producent rollmasa\u017cy, Rolki, Urz\u0105dzenia do Masa\u017cu, Drena\u017c Limfatyczny\" \/>\n<meta property=\"article:modified_time\" content=\"2025-08-06T12:54:48+00:00\" \/>\n<meta property=\"og:image\" content=\"https:\/\/ajrest.dkonto.pl\/sklep\/wp-content\/uploads\/sites\/2\/2023\/10\/20230926_132243-photoshop.png\" \/>\n\t<meta property=\"og:image:width\" content=\"1428\" \/>\n\t<meta property=\"og:image:height\" content=\"1008\" \/>\n\t<meta property=\"og:image:type\" content=\"image\/png\" \/>\n<meta name=\"twitter:card\" content=\"summary_large_image\" \/>\n<meta name=\"twitter:label1\" content=\"Szacowany czas czytania\" \/>\n\t<meta name=\"twitter:data1\" content=\"5 minut\" \/>\n<script type=\"application\/ld+json\" class=\"yoast-schema-graph\">{\"@context\":\"https:\/\/schema.org\",\"@graph\":[{\"@type\":\"WebPage\",\"@id\":\"https:\/\/ajrest.dkonto.pl\/sklep\/produkt\/rollmasaz-konfigurator\/\",\"url\":\"https:\/\/ajrest.dkonto.pl\/sklep\/produkt\/rollmasaz-konfigurator\/\",\"name\":\"Rollmasa\u017cer Konfigurator - Producent Rollmasa\u017cy - Sklep Sprzeda\u017c i Wynajem - Rollmasa\u017c, Roller, Roletic, Masa\u017c, Masa\u017c Limfatyczny, Studio Figura, Masa\u017cer, Producent rollmasa\u017cy, Rolki, Urz\u0105dzenia do Masa\u017cu, Drena\u017c Limfatyczny\",\"isPartOf\":{\"@id\":\"https:\/\/ajrest.dkonto.pl\/sklep\/#website\"},\"primaryImageOfPage\":{\"@id\":\"https:\/\/ajrest.dkonto.pl\/sklep\/produkt\/rollmasaz-konfigurator\/#primaryimage\"},\"image\":{\"@id\":\"https:\/\/ajrest.dkonto.pl\/sklep\/produkt\/rollmasaz-konfigurator\/#primaryimage\"},\"thumbnailUrl\":\"https:\/\/ajrest.dkonto.pl\/sklep\/wp-content\/uploads\/sites\/2\/2023\/10\/20230926_132243-photoshop.png\",\"datePublished\":\"2024-12-20T12:54:59+00:00\",\"dateModified\":\"2025-08-06T12:54:48+00:00\",\"breadcrumb\":{\"@id\":\"https:\/\/ajrest.dkonto.pl\/sklep\/produkt\/rollmasaz-konfigurator\/#breadcrumb\"},\"inLanguage\":\"pl-PL\",\"potentialAction\":[{\"@type\":\"ReadAction\",\"target\":[\"https:\/\/ajrest.dkonto.pl\/sklep\/produkt\/rollmasaz-konfigurator\/\"]}]},{\"@type\":\"ImageObject\",\"inLanguage\":\"pl-PL\",\"@id\":\"https:\/\/ajrest.dkonto.pl\/sklep\/produkt\/rollmasaz-konfigurator\/#primaryimage\",\"url\":\"https:\/\/ajrest.dkonto.pl\/sklep\/wp-content\/uploads\/sites\/2\/2023\/10\/20230926_132243-photoshop.png\",\"contentUrl\":\"https:\/\/ajrest.dkonto.pl\/sklep\/wp-content\/uploads\/sites\/2\/2023\/10\/20230926_132243-photoshop.png\",\"width\":1428,\"height\":1008},{\"@type\":\"BreadcrumbList\",\"@id\":\"https:\/\/ajrest.dkonto.pl\/sklep\/produkt\/rollmasaz-konfigurator\/#breadcrumb\",\"itemListElement\":[{\"@type\":\"ListItem\",\"position\":1,\"name\":\"Strona g\u0142\u00f3wna\",\"item\":\"https:\/\/ajrest.dkonto.pl\/sklep\/en\/shop\/\"},{\"@type\":\"ListItem\",\"position\":2,\"name\":\"Shop\",\"item\":\"https:\/\/ajrest.dkonto.pl\/sklep\/en\/shop\/\"},{\"@type\":\"ListItem\",\"position\":3,\"name\":\"Rollmasa\u017cer Konfigurator\"}]},{\"@type\":\"WebSite\",\"@id\":\"https:\/\/ajrest.dkonto.pl\/sklep\/#website\",\"url\":\"https:\/\/ajrest.dkonto.pl\/sklep\/\",\"name\":\"Producent Rollmasa\u017cy - Sklep Sprzeda\u017c i Wynajem - Rollmasa\u017c, Roller, Roletic, Masa\u017c, Masa\u017c Limfatyczny, Studio Figura, Masa\u017cer, Producent rollmasa\u017cy, Rolki, Urz\u0105dzenia do Masa\u017cu, Drena\u017c Limfatyczny\",\"description\":\"Producent Rollmasa\u017cer\u00f3w - Sklep Sprzeda\u017c i Wynajem - Rollmasa\u017c, Roller, Roletic, Masa\u017c, Studio Figura, Masa\u017c Limfatyczny, Masa\u017cer, Producent rollmasa\u017cy, Rolki, Urz\u0105dzenia do Masa\u017cu, Drena\u017c Limfatyczny\",\"publisher\":{\"@id\":\"https:\/\/ajrest.dkonto.pl\/sklep\/#organization\"},\"potentialAction\":[{\"@type\":\"SearchAction\",\"target\":{\"@type\":\"EntryPoint\",\"urlTemplate\":\"https:\/\/ajrest.dkonto.pl\/sklep\/?s={search_term_string}\"},\"query-input\":{\"@type\":\"PropertyValueSpecification\",\"valueRequired\":true,\"valueName\":\"search_term_string\"}}],\"inLanguage\":\"pl-PL\"},{\"@type\":\"Organization\",\"@id\":\"https:\/\/ajrest.dkonto.pl\/sklep\/#organization\",\"name\":\"Producent Rollmasa\u017cy - Sklep Sprzeda\u017c i Wynajem - Rollmasa\u017c, Roller, Roletic, Masa\u017c, Masa\u017c Limfatyczny, Studio Figura, Masa\u017cer, Producent rollmasa\u017cy, Rolki, Urz\u0105dzenia do Masa\u017cu, Drena\u017c Limfatyczny\",\"url\":\"https:\/\/ajrest.dkonto.pl\/sklep\/\",\"logo\":{\"@type\":\"ImageObject\",\"inLanguage\":\"pl-PL\",\"@id\":\"https:\/\/ajrest.dkonto.pl\/sklep\/#\/schema\/logo\/image\/\",\"url\":\"https:\/\/ajrest.dkonto.pl\/sklep\/wp-content\/uploads\/sites\/2\/2022\/01\/BE-FIT-AND-HEALTH-ROLL-YOURSELF-1-e1642423074585.png\",\"contentUrl\":\"https:\/\/ajrest.dkonto.pl\/sklep\/wp-content\/uploads\/sites\/2\/2022\/01\/BE-FIT-AND-HEALTH-ROLL-YOURSELF-1-e1642423074585.png\",\"width\":500,\"height\":138,\"caption\":\"Producent Rollmasa\u017cy - Sklep Sprzeda\u017c i Wynajem - Rollmasa\u017c, Roller, Roletic, Masa\u017c, Masa\u017c Limfatyczny, Studio Figura, Masa\u017cer, Producent rollmasa\u017cy, Rolki, Urz\u0105dzenia do Masa\u017cu, Drena\u017c Limfatyczny\"},\"image\":{\"@id\":\"https:\/\/ajrest.dkonto.pl\/sklep\/#\/schema\/logo\/image\/\"}}]}<\/script>\n<!-- \/ Yoast SEO plugin. -->","yoast_head_json":{"title":"Rollmasa\u017cer Konfigurator - Producent Rollmasa\u017cy - Sklep Sprzeda\u017c i Wynajem - Rollmasa\u017c, Roller, Roletic, Masa\u017c, Masa\u017c Limfatyczny, Studio Figura, Masa\u017cer, Producent rollmasa\u017cy, Rolki, Urz\u0105dzenia do Masa\u017cu, Drena\u017c Limfatyczny","robots":{"index":"index","follow":"follow","max-snippet":"max-snippet:-1","max-image-preview":"max-image-preview:large","max-video-preview":"max-video-preview:-1"},"canonical":"https:\/\/ajrest.dkonto.pl\/sklep\/produkt\/rollmasaz-konfigurator\/","og_locale":"pl_PL","og_type":"article","og_title":"Rollmasa\u017cer Konfigurator - Producent Rollmasa\u017cy - Sklep Sprzeda\u017c i Wynajem - Rollmasa\u017c, Roller, Roletic, Masa\u017c, Masa\u017c Limfatyczny, Studio Figura, Masa\u017cer, Producent rollmasa\u017cy, Rolki, Urz\u0105dzenia do Masa\u017cu, Drena\u017c Limfatyczny","og_description":"&nbsp; Rollmasa\u017cery wyst\u0119puj\u0105 w wersjach ze sterowaniem manualnym i elektronicznym oraz wyst\u0119puj\u0105 w wersji: bez lampy, z lamp\u0105 podczerwon\u0105 oraz lamp\u0105 podczerwon\u0105 i soczewkami kolagenowymi Basic &#8211; sterowanie manualne, brak lamp, mo\u017cliwo\u015b\u0107 zmiany szybko\u015bci obrotu i kierunku b\u0119bna. Standard &#8211; sterowanie manualne, lampa podczerwona, sterowanie manualne, mo\u017cliwo\u015b\u0107 zmiany szybko\u015bci obrotu i kierunku b\u0119bna, w\u0142\/wy\u0142 lampy [&hellip;]","og_url":"https:\/\/ajrest.dkonto.pl\/sklep\/produkt\/rollmasaz-konfigurator\/","og_site_name":"Producent Rollmasa\u017cy - Sklep Sprzeda\u017c i Wynajem - Rollmasa\u017c, Roller, Roletic, Masa\u017c, Masa\u017c Limfatyczny, Studio Figura, Masa\u017cer, Producent rollmasa\u017cy, Rolki, Urz\u0105dzenia do Masa\u017cu, Drena\u017c Limfatyczny","article_modified_time":"2025-08-06T12:54:48+00:00","og_image":[{"width":1428,"height":1008,"url":"https:\/\/ajrest.dkonto.pl\/sklep\/wp-content\/uploads\/sites\/2\/2023\/10\/20230926_132243-photoshop.png","type":"image\/png"}],"twitter_card":"summary_large_image","twitter_misc":{"Szacowany czas czytania":"5 minut"},"schema":{"@context":"https:\/\/schema.org","@graph":[{"@type":"WebPage","@id":"https:\/\/ajrest.dkonto.pl\/sklep\/produkt\/rollmasaz-konfigurator\/","url":"https:\/\/ajrest.dkonto.pl\/sklep\/produkt\/rollmasaz-konfigurator\/","name":"Rollmasa\u017cer Konfigurator - Producent Rollmasa\u017cy - Sklep Sprzeda\u017c i Wynajem - Rollmasa\u017c, Roller, Roletic, Masa\u017c, Masa\u017c Limfatyczny, Studio Figura, Masa\u017cer, Producent rollmasa\u017cy, Rolki, Urz\u0105dzenia do Masa\u017cu, Drena\u017c Limfatyczny","isPartOf":{"@id":"https:\/\/ajrest.dkonto.pl\/sklep\/#website"},"primaryImageOfPage":{"@id":"https:\/\/ajrest.dkonto.pl\/sklep\/produkt\/rollmasaz-konfigurator\/#primaryimage"},"image":{"@id":"https:\/\/ajrest.dkonto.pl\/sklep\/produkt\/rollmasaz-konfigurator\/#primaryimage"},"thumbnailUrl":"https:\/\/ajrest.dkonto.pl\/sklep\/wp-content\/uploads\/sites\/2\/2023\/10\/20230926_132243-photoshop.png","datePublished":"2024-12-20T12:54:59+00:00","dateModified":"2025-08-06T12:54:48+00:00","breadcrumb":{"@id":"https:\/\/ajrest.dkonto.pl\/sklep\/produkt\/rollmasaz-konfigurator\/#breadcrumb"},"inLanguage":"pl-PL","potentialAction":[{"@type":"ReadAction","target":["https:\/\/ajrest.dkonto.pl\/sklep\/produkt\/rollmasaz-konfigurator\/"]}]},{"@type":"ImageObject","inLanguage":"pl-PL","@id":"https:\/\/ajrest.dkonto.pl\/sklep\/produkt\/rollmasaz-konfigurator\/#primaryimage","url":"https:\/\/ajrest.dkonto.pl\/sklep\/wp-content\/uploads\/sites\/2\/2023\/10\/20230926_132243-photoshop.png","contentUrl":"https:\/\/ajrest.dkonto.pl\/sklep\/wp-content\/uploads\/sites\/2\/2023\/10\/20230926_132243-photoshop.png","width":1428,"height":1008},{"@type":"BreadcrumbList","@id":"https:\/\/ajrest.dkonto.pl\/sklep\/produkt\/rollmasaz-konfigurator\/#breadcrumb","itemListElement":[{"@type":"ListItem","position":1,"name":"Strona g\u0142\u00f3wna","item":"https:\/\/ajrest.dkonto.pl\/sklep\/en\/shop\/"},{"@type":"ListItem","position":2,"name":"Shop","item":"https:\/\/ajrest.dkonto.pl\/sklep\/en\/shop\/"},{"@type":"ListItem","position":3,"name":"Rollmasa\u017cer Konfigurator"}]},{"@type":"WebSite","@id":"https:\/\/ajrest.dkonto.pl\/sklep\/#website","url":"https:\/\/ajrest.dkonto.pl\/sklep\/","name":"Producent Rollmasa\u017cy - Sklep Sprzeda\u017c i Wynajem - Rollmasa\u017c, Roller, Roletic, Masa\u017c, Masa\u017c Limfatyczny, Studio Figura, Masa\u017cer, Producent rollmasa\u017cy, Rolki, Urz\u0105dzenia do Masa\u017cu, Drena\u017c Limfatyczny","description":"Producent Rollmasa\u017cer\u00f3w - Sklep Sprzeda\u017c i Wynajem - Rollmasa\u017c, Roller, Roletic, Masa\u017c, Studio Figura, Masa\u017c Limfatyczny, Masa\u017cer, Producent rollmasa\u017cy, Rolki, Urz\u0105dzenia do Masa\u017cu, Drena\u017c Limfatyczny","publisher":{"@id":"https:\/\/ajrest.dkonto.pl\/sklep\/#organization"},"potentialAction":[{"@type":"SearchAction","target":{"@type":"EntryPoint","urlTemplate":"https:\/\/ajrest.dkonto.pl\/sklep\/?s={search_term_string}"},"query-input":{"@type":"PropertyValueSpecification","valueRequired":true,"valueName":"search_term_string"}}],"inLanguage":"pl-PL"},{"@type":"Organization","@id":"https:\/\/ajrest.dkonto.pl\/sklep\/#organization","name":"Producent Rollmasa\u017cy - Sklep Sprzeda\u017c i Wynajem - Rollmasa\u017c, Roller, Roletic, Masa\u017c, Masa\u017c Limfatyczny, Studio Figura, Masa\u017cer, Producent rollmasa\u017cy, Rolki, Urz\u0105dzenia do Masa\u017cu, Drena\u017c Limfatyczny","url":"https:\/\/ajrest.dkonto.pl\/sklep\/","logo":{"@type":"ImageObject","inLanguage":"pl-PL","@id":"https:\/\/ajrest.dkonto.pl\/sklep\/#\/schema\/logo\/image\/","url":"https:\/\/ajrest.dkonto.pl\/sklep\/wp-content\/uploads\/sites\/2\/2022\/01\/BE-FIT-AND-HEALTH-ROLL-YOURSELF-1-e1642423074585.png","contentUrl":"https:\/\/ajrest.dkonto.pl\/sklep\/wp-content\/uploads\/sites\/2\/2022\/01\/BE-FIT-AND-HEALTH-ROLL-YOURSELF-1-e1642423074585.png","width":500,"height":138,"caption":"Producent Rollmasa\u017cy - Sklep Sprzeda\u017c i Wynajem - Rollmasa\u017c, Roller, Roletic, Masa\u017c, Masa\u017c Limfatyczny, Studio Figura, Masa\u017cer, Producent rollmasa\u017cy, Rolki, Urz\u0105dzenia do Masa\u017cu, Drena\u017c Limfatyczny"},"image":{"@id":"https:\/\/ajrest.dkonto.pl\/sklep\/#\/schema\/logo\/image\/"}}]}},"_links":{"self":[{"href":"https:\/\/ajrest.dkonto.pl\/sklep\/wp-json\/wp\/v2\/product\/8470"}],"collection":[{"href":"https:\/\/ajrest.dkonto.pl\/sklep\/wp-json\/wp\/v2\/product"}],"about":[{"href":"https:\/\/ajrest.dkonto.pl\/sklep\/wp-json\/wp\/v2\/types\/product"}],"wp:featuredmedia":[{"embeddable":true,"href":"https:\/\/ajrest.dkonto.pl\/sklep\/wp-json\/wp\/v2\/media\/7466"}],"wp:attachment":[{"href":"https:\/\/ajrest.dkonto.pl\/sklep\/wp-json\/wp\/v2\/media?parent=8470"}],"wp:term":[{"taxonomy":"product_cat","embeddable":true,"href":"https:\/\/ajrest.dkonto.pl\/sklep\/wp-json\/wp\/v2\/product_cat?post=8470"},{"taxonomy":"product_tag","embeddable":true,"href":"https:\/\/ajrest.dkonto.pl\/sklep\/wp-json\/wp\/v2\/product_tag?post=8470"}],"curies":[{"name":"wp","href":"https:\/\/api.w.org\/{rel}","templated":true}]}}