{"id":7376,"date":"2023-10-21T20:43:00","date_gmt":"2023-10-21T18:43:00","guid":{"rendered":"https:\/\/ajrest.dkonto.pl\/sklep\/?post_type=product&#038;p=7376"},"modified":"2025-08-02T21:27:50","modified_gmt":"2025-08-02T19:27:50","slug":"rollmasaz-pro-z-podczerwienia-i-kolagenem-kopia-3","status":"publish","type":"product","link":"https:\/\/ajrest.dkonto.pl\/sklep\/produkt\/rollmasaz-pro-z-podczerwienia-i-kolagenem-kopia-3\/","title":{"rendered":"Rollmasa\u017cer Pro z Podczerwieni\u0105 i Kolagenem<br><br>"},"content":{"rendered":"<p>ROLLMASA\u017bER Pro &#8211; funkcjonalne urz\u0105dzenie sterowane elektronicznym panelem, wyposa\u017cone w lamp\u0119 podczerwon\u0105 IR oraz soczewki kolagenowe.<br \/>\nTo nowy spos\u00f3b na pi\u0119kn\u0105 i szczup\u0142\u0105 sylwetk\u0119 bez wychodzenia z domu.<br \/>\nMasa\u017c za pomoc\u0105 Rollmasa\u017cera polega na masowaniu ca\u0142ego cia\u0142a za pomoc\u0105 drewnianych, charakterystycznie wyprofilowanych rolek.<br \/>\nWbudowali\u015bmy wy\u015bwietlacz, dzi\u0119ki kt\u00f3remu mo\u017cliwa jest bardzo precyzyjna praca urz\u0105dzenia. Wy\u015bwietlacz oparty jest o inteligentny program \u0107wicze\u0144 z funkcj\u0105 odliczania czasu oraz sygnalizowaniu zmiany masowanej partii cia\u0142a &#8211; urz\u0105dzenie zatrzymuje si\u0119 automatycznie podczas zmiany.<br \/>\nUrz\u0105dzenie \u0142\u0105czy w sobie \u0142atwo\u015b\u0107 u\u017cytkowania i estetyk\u0119 wykonania a przy tym zajmuje zaledwie 1m2.<br \/>\nWykorzystasz je podczas rehabilitacji, odchudzania i zabieg\u00f3w poprawiaj\u0105cych Tw\u00f3j stan zdrowia, a tak\u017ce do codziennego relaksu i wypoczynku.<br \/>\nJu\u017c po kilku sesjach zauwa\u017cysz popraw\u0119 stanu Twojej sk\u00f3ry, lepsze samopoczucie oraz utrat\u0119 zb\u0119dnych kilogram\u00f3w.<\/p>\n<p>ZALETY:<br \/>\n\u2022\tSzybkie efekty<br \/>\n\u2022\tSolidny masa\u017c cia\u0142a<br \/>\n\u2022\tUczucie relaksu<br \/>\n\u2022\tNiski pob\u00f3r pr\u0105du<br \/>\n\u2022\tNowy, funkcjonalny sterownik<br \/>\n\u2022\t\u0141atwa obs\u0142uga<br \/>\n\u2022\tBez konieczno\u015bci zatrudniania dodatkowej osoby, klientki same obs\u0142uguj\u0105 urz\u0105dzenie<br \/>\n\u2022\tDu\u017ca grupa docelowa, urz\u0105dzenie \u0142\u0105czy w sobie efekty wyszczuplaj\u0105ce, reguluj\u0105ce i  zdrowotne<\/p>\n<p>ZASTOSOWANIE:<br \/>\n\u2022\tDo domu, mieszkaniu<br \/>\n\u2022\tOsiedlowe si\u0142ownie gdzie ka\u017cdy centymetr powierzchni ma znaczenie<br \/>\n\u2022\tGabinety kosmetyczne gdzie ka\u017cdy centymetr powierzchni ma znaczenie<br \/>\n\u2022\tKluby fitness<br \/>\n\u2022\tJako dostawka do urz\u0105dze\u0144<br \/>\n\u2022\tHotele, spa i sanatoria<\/p>\n<p>DANE TECHNICZNE:<br \/>\n\u2022\tWymiary d\u0142\/szer\/wys 110\/58\/80 cm<br \/>\n\u2022\tWaga urz\u0105dzenia 80kg<br \/>\n\u2022\tTralki z drewna bukowego (lakierowane, bejcowane lub malowane)<br \/>\n\u2022\tElementy urz\u0105dzenia (drewniane i metalowe) wycinane metod\u0105 CNC<br \/>\n\u2022\tElementy metalowe malowane metod\u0105 proszkow\u0105<br \/>\n\u2022\tInteligentny program \u0107wicze\u0144<br \/>\n\u2022\tNowoczesny panel sterowania, 7 program\u00f3w (15,30,45,60,75,90min) + program ci\u0105g\u0142y, 60min<br \/>\n\u2022\tMo\u017cliwo\u015b\u0107 dostosowanie czasu masa\u017cu ka\u017cdej partii podczas pracy urz\u0105dzenia<br \/>\n\u2022\tP\u0142ynna regulacja obrot\u00f3w<br \/>\n\u2022\tObroty prawe i lewe<br \/>\n\u2022\tSilnik z ch\u0142odzeniem<br \/>\n\u2022\tMo\u017cliwo\u015b\u0107 wy\u0142\u0105czenia podczerwieni<br \/>\n\u2022\tMo\u017cliwo\u015b\u0107 wy\u0142\u0105czenia lampy kolagenowej<br \/>\n\u2022\tZabezpieczenie przed przeci\u0105\u017ceniem<br \/>\n\u2022\tZabezpieczenie przed wci\u0105gni\u0119ciem<br \/>\n\u2022\tZatrzymanie b\u0119bna<br \/>\n\u2022\tZasilanie 230V, 50Hz, 550W (pob\u00f3r mocy zale\u017cy od obci\u0105\u017cenia)<br \/>\n\u2022\tUd\u017awig b\u0119bna 250kg<br \/>\n\u2022\tGwarancja dla zastosowa\u0144 prywatnych: 24 m-ce<br \/>\n\u2022\tGwarancja dla zastosowa\u0144 komercyjnych: 12 m-cy<br \/>\n\u2022\tPolski producent &#8211; ajREST<\/p>\n<p>W SK\u0141AD ZESTAWU WCHODZ\u0104 :<br \/>\n\u2022\tUrz\u0105dzenie (z zamontowan\u0105 lamp\u0105 podczerwieni &#8211; \u017carnikiem oraz soczewkami kolagenowymi)<br \/>\n\u2022\tSto\u0142ek (d\u0142\/szer\/wys 48\/48\/39 cm)<br \/>\n\u2022\tMata (d\u0142\/szer\/wys 48\/48\/3 cm)<br \/>\n\u2022\tPlakat z pozycjami masa\u017cu<br \/>\n\u2022\tPlakat z czasami<\/p>\n<p>PRZY ZAKUPIE I WYBORZE KOLORU Z TABELI, PROSIMY O PODANIE SYMBOLU KOLORU W UWAGACH:<br \/>\n1. KOLOR PODSTAWOWY (boki, prz\u00f3d, ty\u0142 urz\u0105dzenia)<br \/>\n2. KOLOR DODATKOWY (pod\u0142okietniki, mata, siedzisko taboretu)<br \/>\n3. ROLKI (naturalne, bejcowane, bia\u0142e, czarne, naturalno-bejcowane, bia\u0142o czarne)<\/p>\n<p>TERAPIA PODCZERWIENI\u0104:<br \/>\nDzia\u0142anie promieniowania podczerwieni podgrzewa masowan\u0105 cz\u0119\u015b\u0107 cia\u0142a, co powoduje, \u017ce organizm \u0142atwiej wydala nie tylko wod\u0119, ale tak\u017ce t\u0142uszcz (20%), cholesterol, metale ci\u0119\u017ckie, kwasy i zwi\u0105zki toksyczne, mobilizuje si\u0142y obronne naszego organizmu, wzmacnia uk\u0142ad immunologiczny.<br \/>\nPomaga r\u00f3wnie\u017c wi\u0105za\u0107 wolne rodniki, powoduj\u0105c efektywne oczyszczanie organizmu, usuwanie podsk\u00f3rnej tkanki t\u0142uszczowej i zmniejszenie cellulitu, w wyniku czego sk\u00f3ra staje si\u0119 j\u0119drna i elastyczna. Dodatkowo promieniowanie podczerwieni \u2013 wykorzystane zosta\u0142o do walki z nadwag\u0105, bowiem pozwala na b\u0142yskawiczne rozgrzanie tkanek i mi\u0119\u015bni wzmagaj\u0105c przy tym kr\u0105\u017cenie i metabolizm.<br \/>\nPod wp\u0142ywem ciep\u0142a poprawia si\u0119 kr\u0105\u017cenie krwi, sk\u00f3ra wydala zanieczyszczenia i martwe kom\u00f3rki, a przez to staje si\u0119 bardziej j\u0119drna i g\u0142adka.<br \/>\nSkutkiem tego jest zwi\u0119kszenie przep\u0142ywu krwi, lepsze dotlenienie i ukrwienie tkanek. Tlen jest lepiej doprowadzany do kom\u00f3rek cia\u0142a.<br \/>\nTo powoduje odpr\u0119\u017cenie, redukuje b\u00f3le mi\u0119\u015bniowe i przyspiesza procesy leczenia. Sk\u00f3ra czerwienieje, co oznacza, \u017ce bogata w tlen krew dociera do miejsc, gdzie cz\u0119sto mo\u017ce jej brakowa\u0107.<br \/>\nMetoda ta znacznie przy\u015bpiesza spalanie tkanki t\u0142uszczowej, redukcj\u0119 cellulitu i poprawia wygl\u0105d sk\u00f3ry.<br \/>\nZapewnia r\u00f3wnie\u017c wyst\u0119puj\u0105cy przy temperaturze 35-45 stopni Celsjusza zdrowy efekt pocenia, kt\u00f3ry przy\u015bpiesza usuwania z organizmu szkodliwych substancji i toksyn.<br \/>\nTerapia podczerwieni\u0105 wzmacnia system immunologiczny i skutecznie wspomaga walk\u0119 z przezi\u0119bieniami i zaka\u017ceniami grypopodobnymi w pocz\u0105tkowych ich stadiach.<\/p>\n<p>TERAPIA KOLAGENOWA:<br \/>\nKolagenowa Terapia \u015awietlna, jest jednym z najskuteczniejszych terapii przeciwzmarszczkowych jakie mo\u017cesz zastosowa\u0107. Jest to jedyna naturalna, nieinwazyjna kuracja, dzi\u0119ki kt\u00f3rej mo\u017cesz ca\u0142kowicie bezinwazyjnie pozby\u0107 si\u0119 zmarszczek i poprawi\u0107 jako\u015b\u0107 swojej sk\u00f3ry!<br \/>\nPodczas terapii kolagen nie wykorzystuje opalaj\u0105cego promieniowania UV, ani promieniowania laserowego, lecz emituje fale \u015bwietlne o d\u0142ugo\u015bci 633 nanometr\u00f3w istniej\u0105ce w zakresie widma \u015bwiat\u0142a widzialnego.<br \/>\nWidoczne \u015bwiat\u0142o, jest ciep\u0142e i przyjemne oraz posiada dzia\u0142anie relaksuj\u0105ce, a przez swoje oddzia\u0142ywanie na kom\u00f3rki ludzkiej sk\u00f3ry, stymuluje w\u0142a\u015bciwy dla ka\u017cdego organizmu proces biosyntezy.<br \/>\nWnika do sk\u00f3ry na g\u0142\u0119boko\u015b\u0107 nawet 10 milimetr\u00f3w. Dawka promieniowania docieraj\u0105c do g\u0142\u0119bszych warstw stymuluje odbudow\u0119 kolagenu i elastyny w sk\u00f3rze.<br \/>\nOdbudowa utraconego kolagenu i elastyny z zastosowaniem terapii kolagenowej, jest procesem wymagaj\u0105cym czasu i nieco cierpliwo\u015bci od osoby poddaj\u0105cej si\u0119 temu procesowi, bo oddzia\u0142uje na naturalne mechanizmy obronne organizmu, zachodz\u0105ce w tkance sk\u00f3rnej. Proces taki nie mo\u017ce by\u0107 gwa\u0142towny i szybki, jednak jego efekty s\u0105 znakomite.<\/p>\n<p>Rollmasa\u017cery wyst\u0119puj\u0105 w wersjach ze sterowaniem manualnym i elektronicznym oraz wyst\u0119puj\u0105 w wersji: bez lampy, z lamp\u0105 podczerwon\u0105 oraz lamp\u0105 podczerwon\u0105 i soczewkami kolagenowymi<br \/>\nBasic &#8211; sterowanie manualne, brak lamp, mo\u017cliwo\u015b\u0107 zmiany szybko\u015bci obrotu i kierunku obrotu b\u0119bna.<br \/>\nStandard &#8211; sterowanie manualne,  lampa podczerwona, mo\u017cliwo\u015b\u0107 zmiany szybko\u015bci obrotu i kierunku b\u0119bna, w\u0142\/wy\u0142 lampy IR<br \/>\nStandard z kolagenem &#8211; sterowanie manualne, lampa podczerwona, soczewki kolagenowe, mo\u017cliwo\u015b\u0107 zmiany szybko\u015bci obrotu i kierunku b\u0119bna, w\u0142\/wy\u0142 lampy podczerwonej i kolagenowej<br \/>\nPro &#8211; sterowanie elektroniczne, lampa podczerwona, soczewki kolagenowe, panel informuj\u0105cy o aktualnie masowanej cz\u0119\u015bci cia\u0142a, programy masa\u017cu, pozosta\u0142y czas treningu. Mo\u017cliwo\u015b\u0107 zmiany szybko\u015bci obrotu i kierunku b\u0119bna, w\u0142\/wy\u0142 lampy podczerwonej oraz mo\u017cliwo\u015b\u0107 ustawienia mocy lampy, w\u0142\/wy\u0142 soczewek kolagenowych.<br \/>\nPro Plus &#8211; sterowanie elektroniczne, dodatkowe funkcje Wave (naprzemienne zwalnianie oraz przyspieszanie b\u0119bna) oraz Turbo (przyspieszenie obrot\u00f3w b\u0119bna o 3 poziomy), lampa podczerwona, soczewki kolagenowe, panel informuj\u0105cy o aktualnie masowanej cz\u0119\u015bci cia\u0142a, programy masa\u017cu, pozosta\u0142y czas treningu. Mo\u017cliwo\u015b\u0107 zmiany szybko\u015bci obrotu i kierunku b\u0119bna, w\u0142\/wy\u0142 lampy podczerwonej oraz mo\u017cliwo\u015b\u0107 ustawienia mocy lampy, w\u0142\/wy\u0142 soczewek kolagenowych.<\/p>\n","protected":false},"excerpt":{"rendered":"<p>ROLLMASA\u017bER Pro &#8211; funkcjonalne urz\u0105dzenie sterowane elektronicznym panelem, wyposa\u017cone w lamp\u0119 podczerwon\u0105 IR oraz soczewki kolagenowe. To nowy spos\u00f3b na pi\u0119kn\u0105 i szczup\u0142\u0105 sylwetk\u0119 bez wychodzenia z domu. Masa\u017c za pomoc\u0105 Rollmasa\u017cera polega na masowaniu ca\u0142ego cia\u0142a za pomoc\u0105 drewnianych, charakterystycznie wyprofilowanych rolek. Wbudowali\u015bmy wy\u015bwietlacz, dzi\u0119ki kt\u00f3remu mo\u017cliwa jest bardzo precyzyjna praca urz\u0105dzenia. Wy\u015bwietlacz oparty [&hellip;]<\/p>\n","protected":false},"featured_media":8990,"template":"","meta":{"_acf_changed":false},"product_cat":[85,17],"product_tag":[],"class_list":{"0":"post-7376","1":"product","2":"type-product","3":"status-publish","4":"has-post-thumbnail","6":"product_cat-pro","7":"product_cat-rollmasazery","9":"first","10":"instock","11":"taxable","12":"shipping-taxable","13":"purchasable","14":"product-type-simple"},"acf":[],"yoast_head":"<!-- This site is optimized with the Yoast SEO plugin v24.2 - https:\/\/yoast.com\/wordpress\/plugins\/seo\/ -->\n<title>Rollmasa\u017cer Pro z Podczerwieni\u0105 i Kolagenem - Producent Rollmasa\u017cy - Sklep Sprzeda\u017c i Wynajem - Rollmasa\u017c, Roller, Roletic, Masa\u017c, Masa\u017c Limfatyczny, Studio Figura, Masa\u017cer, Producent rollmasa\u017cy, Rolki, Urz\u0105dzenia do Masa\u017cu, Drena\u017c Limfatyczny<\/title>\n<meta name=\"robots\" content=\"index, follow, max-snippet:-1, max-image-preview:large, max-video-preview:-1\" \/>\n<link rel=\"canonical\" href=\"https:\/\/ajrest.dkonto.pl\/sklep\/produkt\/rollmasaz-pro-z-podczerwienia-i-kolagenem-kopia-3\/\" \/>\n<meta property=\"og:locale\" content=\"pl_PL\" \/>\n<meta property=\"og:type\" content=\"article\" \/>\n<meta property=\"og:title\" content=\"Rollmasa\u017cer Pro z Podczerwieni\u0105 i Kolagenem - Producent Rollmasa\u017cy - Sklep Sprzeda\u017c i Wynajem - Rollmasa\u017c, Roller, Roletic, Masa\u017c, Masa\u017c Limfatyczny, Studio Figura, Masa\u017cer, Producent rollmasa\u017cy, Rolki, Urz\u0105dzenia do Masa\u017cu, Drena\u017c Limfatyczny\" \/>\n<meta property=\"og:description\" content=\"ROLLMASA\u017bER Pro &#8211; funkcjonalne urz\u0105dzenie sterowane elektronicznym panelem, wyposa\u017cone w lamp\u0119 podczerwon\u0105 IR oraz soczewki kolagenowe. To nowy spos\u00f3b na pi\u0119kn\u0105 i szczup\u0142\u0105 sylwetk\u0119 bez wychodzenia z domu. Masa\u017c za pomoc\u0105 Rollmasa\u017cera polega na masowaniu ca\u0142ego cia\u0142a za pomoc\u0105 drewnianych, charakterystycznie wyprofilowanych rolek. Wbudowali\u015bmy wy\u015bwietlacz, dzi\u0119ki kt\u00f3remu mo\u017cliwa jest bardzo precyzyjna praca urz\u0105dzenia. Wy\u015bwietlacz oparty [&hellip;]\" \/>\n<meta property=\"og:url\" content=\"https:\/\/ajrest.dkonto.pl\/sklep\/produkt\/rollmasaz-pro-z-podczerwienia-i-kolagenem-kopia-3\/\" \/>\n<meta property=\"og:site_name\" content=\"Producent Rollmasa\u017cy - Sklep Sprzeda\u017c i Wynajem - Rollmasa\u017c, Roller, Roletic, Masa\u017c, Masa\u017c Limfatyczny, Studio Figura, Masa\u017cer, Producent rollmasa\u017cy, Rolki, Urz\u0105dzenia do Masa\u017cu, Drena\u017c Limfatyczny\" \/>\n<meta property=\"article:modified_time\" content=\"2025-08-02T19:27:50+00:00\" \/>\n<meta property=\"og:image\" content=\"https:\/\/ajrest.dkonto.pl\/sklep\/wp-content\/uploads\/sites\/2\/2023\/10\/16_A-1024x1024.png\" \/>\n\t<meta property=\"og:image:width\" content=\"1024\" \/>\n\t<meta property=\"og:image:height\" content=\"1024\" \/>\n\t<meta property=\"og:image:type\" content=\"image\/png\" \/>\n<meta name=\"twitter:card\" content=\"summary_large_image\" \/>\n<meta name=\"twitter:label1\" content=\"Szacowany czas czytania\" \/>\n\t<meta name=\"twitter:data1\" content=\"5 minut\" \/>\n<script type=\"application\/ld+json\" class=\"yoast-schema-graph\">{\"@context\":\"https:\/\/schema.org\",\"@graph\":[{\"@type\":\"WebPage\",\"@id\":\"https:\/\/ajrest.dkonto.pl\/sklep\/produkt\/rollmasaz-pro-z-podczerwienia-i-kolagenem-kopia-3\/\",\"url\":\"https:\/\/ajrest.dkonto.pl\/sklep\/produkt\/rollmasaz-pro-z-podczerwienia-i-kolagenem-kopia-3\/\",\"name\":\"Rollmasa\u017cer Pro z Podczerwieni\u0105 i Kolagenem - Producent Rollmasa\u017cy - Sklep Sprzeda\u017c i Wynajem - Rollmasa\u017c, Roller, Roletic, Masa\u017c, Masa\u017c Limfatyczny, Studio Figura, Masa\u017cer, Producent rollmasa\u017cy, Rolki, Urz\u0105dzenia do Masa\u017cu, Drena\u017c Limfatyczny\",\"isPartOf\":{\"@id\":\"https:\/\/ajrest.dkonto.pl\/sklep\/#website\"},\"primaryImageOfPage\":{\"@id\":\"https:\/\/ajrest.dkonto.pl\/sklep\/produkt\/rollmasaz-pro-z-podczerwienia-i-kolagenem-kopia-3\/#primaryimage\"},\"image\":{\"@id\":\"https:\/\/ajrest.dkonto.pl\/sklep\/produkt\/rollmasaz-pro-z-podczerwienia-i-kolagenem-kopia-3\/#primaryimage\"},\"thumbnailUrl\":\"https:\/\/ajrest.dkonto.pl\/sklep\/wp-content\/uploads\/sites\/2\/2023\/10\/16_A.png\",\"datePublished\":\"2023-10-21T18:43:00+00:00\",\"dateModified\":\"2025-08-02T19:27:50+00:00\",\"breadcrumb\":{\"@id\":\"https:\/\/ajrest.dkonto.pl\/sklep\/produkt\/rollmasaz-pro-z-podczerwienia-i-kolagenem-kopia-3\/#breadcrumb\"},\"inLanguage\":\"pl-PL\",\"potentialAction\":[{\"@type\":\"ReadAction\",\"target\":[\"https:\/\/ajrest.dkonto.pl\/sklep\/produkt\/rollmasaz-pro-z-podczerwienia-i-kolagenem-kopia-3\/\"]}]},{\"@type\":\"ImageObject\",\"inLanguage\":\"pl-PL\",\"@id\":\"https:\/\/ajrest.dkonto.pl\/sklep\/produkt\/rollmasaz-pro-z-podczerwienia-i-kolagenem-kopia-3\/#primaryimage\",\"url\":\"https:\/\/ajrest.dkonto.pl\/sklep\/wp-content\/uploads\/sites\/2\/2023\/10\/16_A.png\",\"contentUrl\":\"https:\/\/ajrest.dkonto.pl\/sklep\/wp-content\/uploads\/sites\/2\/2023\/10\/16_A.png\",\"width\":2560,\"height\":2560},{\"@type\":\"BreadcrumbList\",\"@id\":\"https:\/\/ajrest.dkonto.pl\/sklep\/produkt\/rollmasaz-pro-z-podczerwienia-i-kolagenem-kopia-3\/#breadcrumb\",\"itemListElement\":[{\"@type\":\"ListItem\",\"position\":1,\"name\":\"Strona g\u0142\u00f3wna\",\"item\":\"https:\/\/ajrest.dkonto.pl\/sklep\/en\/shop\/\"},{\"@type\":\"ListItem\",\"position\":2,\"name\":\"Shop\",\"item\":\"https:\/\/ajrest.dkonto.pl\/sklep\/en\/shop\/\"},{\"@type\":\"ListItem\",\"position\":3,\"name\":\"Rollmasa\u017cer Pro z Podczerwieni\u0105 i Kolagenem\"}]},{\"@type\":\"WebSite\",\"@id\":\"https:\/\/ajrest.dkonto.pl\/sklep\/#website\",\"url\":\"https:\/\/ajrest.dkonto.pl\/sklep\/\",\"name\":\"Producent Rollmasa\u017cy - Sklep Sprzeda\u017c i Wynajem - Rollmasa\u017c, Roller, Roletic, Masa\u017c, Masa\u017c Limfatyczny, Studio Figura, Masa\u017cer, Producent rollmasa\u017cy, Rolki, Urz\u0105dzenia do Masa\u017cu, Drena\u017c Limfatyczny\",\"description\":\"Producent Rollmasa\u017cer\u00f3w - Sklep Sprzeda\u017c i Wynajem - Rollmasa\u017c, Roller, Roletic, Masa\u017c, Studio Figura, Masa\u017c Limfatyczny, Masa\u017cer, Producent rollmasa\u017cy, Rolki, Urz\u0105dzenia do Masa\u017cu, Drena\u017c Limfatyczny\",\"publisher\":{\"@id\":\"https:\/\/ajrest.dkonto.pl\/sklep\/#organization\"},\"potentialAction\":[{\"@type\":\"SearchAction\",\"target\":{\"@type\":\"EntryPoint\",\"urlTemplate\":\"https:\/\/ajrest.dkonto.pl\/sklep\/?s={search_term_string}\"},\"query-input\":{\"@type\":\"PropertyValueSpecification\",\"valueRequired\":true,\"valueName\":\"search_term_string\"}}],\"inLanguage\":\"pl-PL\"},{\"@type\":\"Organization\",\"@id\":\"https:\/\/ajrest.dkonto.pl\/sklep\/#organization\",\"name\":\"Producent Rollmasa\u017cy - Sklep Sprzeda\u017c i Wynajem - Rollmasa\u017c, Roller, Roletic, Masa\u017c, Masa\u017c Limfatyczny, Studio Figura, Masa\u017cer, Producent rollmasa\u017cy, Rolki, Urz\u0105dzenia do Masa\u017cu, Drena\u017c Limfatyczny\",\"url\":\"https:\/\/ajrest.dkonto.pl\/sklep\/\",\"logo\":{\"@type\":\"ImageObject\",\"inLanguage\":\"pl-PL\",\"@id\":\"https:\/\/ajrest.dkonto.pl\/sklep\/#\/schema\/logo\/image\/\",\"url\":\"https:\/\/ajrest.dkonto.pl\/sklep\/wp-content\/uploads\/sites\/2\/2022\/01\/BE-FIT-AND-HEALTH-ROLL-YOURSELF-1-e1642423074585.png\",\"contentUrl\":\"https:\/\/ajrest.dkonto.pl\/sklep\/wp-content\/uploads\/sites\/2\/2022\/01\/BE-FIT-AND-HEALTH-ROLL-YOURSELF-1-e1642423074585.png\",\"width\":500,\"height\":138,\"caption\":\"Producent Rollmasa\u017cy - Sklep Sprzeda\u017c i Wynajem - Rollmasa\u017c, Roller, Roletic, Masa\u017c, Masa\u017c Limfatyczny, Studio Figura, Masa\u017cer, Producent rollmasa\u017cy, Rolki, Urz\u0105dzenia do Masa\u017cu, Drena\u017c Limfatyczny\"},\"image\":{\"@id\":\"https:\/\/ajrest.dkonto.pl\/sklep\/#\/schema\/logo\/image\/\"}}]}<\/script>\n<!-- \/ Yoast SEO plugin. -->","yoast_head_json":{"title":"Rollmasa\u017cer Pro z Podczerwieni\u0105 i Kolagenem - Producent Rollmasa\u017cy - Sklep Sprzeda\u017c i Wynajem - Rollmasa\u017c, Roller, Roletic, Masa\u017c, Masa\u017c Limfatyczny, Studio Figura, Masa\u017cer, Producent rollmasa\u017cy, Rolki, Urz\u0105dzenia do Masa\u017cu, Drena\u017c Limfatyczny","robots":{"index":"index","follow":"follow","max-snippet":"max-snippet:-1","max-image-preview":"max-image-preview:large","max-video-preview":"max-video-preview:-1"},"canonical":"https:\/\/ajrest.dkonto.pl\/sklep\/produkt\/rollmasaz-pro-z-podczerwienia-i-kolagenem-kopia-3\/","og_locale":"pl_PL","og_type":"article","og_title":"Rollmasa\u017cer Pro z Podczerwieni\u0105 i Kolagenem - Producent Rollmasa\u017cy - Sklep Sprzeda\u017c i Wynajem - Rollmasa\u017c, Roller, Roletic, Masa\u017c, Masa\u017c Limfatyczny, Studio Figura, Masa\u017cer, Producent rollmasa\u017cy, Rolki, Urz\u0105dzenia do Masa\u017cu, Drena\u017c Limfatyczny","og_description":"ROLLMASA\u017bER Pro &#8211; funkcjonalne urz\u0105dzenie sterowane elektronicznym panelem, wyposa\u017cone w lamp\u0119 podczerwon\u0105 IR oraz soczewki kolagenowe. To nowy spos\u00f3b na pi\u0119kn\u0105 i szczup\u0142\u0105 sylwetk\u0119 bez wychodzenia z domu. Masa\u017c za pomoc\u0105 Rollmasa\u017cera polega na masowaniu ca\u0142ego cia\u0142a za pomoc\u0105 drewnianych, charakterystycznie wyprofilowanych rolek. Wbudowali\u015bmy wy\u015bwietlacz, dzi\u0119ki kt\u00f3remu mo\u017cliwa jest bardzo precyzyjna praca urz\u0105dzenia. Wy\u015bwietlacz oparty [&hellip;]","og_url":"https:\/\/ajrest.dkonto.pl\/sklep\/produkt\/rollmasaz-pro-z-podczerwienia-i-kolagenem-kopia-3\/","og_site_name":"Producent Rollmasa\u017cy - Sklep Sprzeda\u017c i Wynajem - Rollmasa\u017c, Roller, Roletic, Masa\u017c, Masa\u017c Limfatyczny, Studio Figura, Masa\u017cer, Producent rollmasa\u017cy, Rolki, Urz\u0105dzenia do Masa\u017cu, Drena\u017c Limfatyczny","article_modified_time":"2025-08-02T19:27:50+00:00","og_image":[{"width":1024,"height":1024,"url":"https:\/\/ajrest.dkonto.pl\/sklep\/wp-content\/uploads\/sites\/2\/2023\/10\/16_A-1024x1024.png","type":"image\/png"}],"twitter_card":"summary_large_image","twitter_misc":{"Szacowany czas czytania":"5 minut"},"schema":{"@context":"https:\/\/schema.org","@graph":[{"@type":"WebPage","@id":"https:\/\/ajrest.dkonto.pl\/sklep\/produkt\/rollmasaz-pro-z-podczerwienia-i-kolagenem-kopia-3\/","url":"https:\/\/ajrest.dkonto.pl\/sklep\/produkt\/rollmasaz-pro-z-podczerwienia-i-kolagenem-kopia-3\/","name":"Rollmasa\u017cer Pro z Podczerwieni\u0105 i Kolagenem - Producent Rollmasa\u017cy - Sklep Sprzeda\u017c i Wynajem - Rollmasa\u017c, Roller, Roletic, Masa\u017c, Masa\u017c Limfatyczny, Studio Figura, Masa\u017cer, Producent rollmasa\u017cy, Rolki, Urz\u0105dzenia do Masa\u017cu, Drena\u017c Limfatyczny","isPartOf":{"@id":"https:\/\/ajrest.dkonto.pl\/sklep\/#website"},"primaryImageOfPage":{"@id":"https:\/\/ajrest.dkonto.pl\/sklep\/produkt\/rollmasaz-pro-z-podczerwienia-i-kolagenem-kopia-3\/#primaryimage"},"image":{"@id":"https:\/\/ajrest.dkonto.pl\/sklep\/produkt\/rollmasaz-pro-z-podczerwienia-i-kolagenem-kopia-3\/#primaryimage"},"thumbnailUrl":"https:\/\/ajrest.dkonto.pl\/sklep\/wp-content\/uploads\/sites\/2\/2023\/10\/16_A.png","datePublished":"2023-10-21T18:43:00+00:00","dateModified":"2025-08-02T19:27:50+00:00","breadcrumb":{"@id":"https:\/\/ajrest.dkonto.pl\/sklep\/produkt\/rollmasaz-pro-z-podczerwienia-i-kolagenem-kopia-3\/#breadcrumb"},"inLanguage":"pl-PL","potentialAction":[{"@type":"ReadAction","target":["https:\/\/ajrest.dkonto.pl\/sklep\/produkt\/rollmasaz-pro-z-podczerwienia-i-kolagenem-kopia-3\/"]}]},{"@type":"ImageObject","inLanguage":"pl-PL","@id":"https:\/\/ajrest.dkonto.pl\/sklep\/produkt\/rollmasaz-pro-z-podczerwienia-i-kolagenem-kopia-3\/#primaryimage","url":"https:\/\/ajrest.dkonto.pl\/sklep\/wp-content\/uploads\/sites\/2\/2023\/10\/16_A.png","contentUrl":"https:\/\/ajrest.dkonto.pl\/sklep\/wp-content\/uploads\/sites\/2\/2023\/10\/16_A.png","width":2560,"height":2560},{"@type":"BreadcrumbList","@id":"https:\/\/ajrest.dkonto.pl\/sklep\/produkt\/rollmasaz-pro-z-podczerwienia-i-kolagenem-kopia-3\/#breadcrumb","itemListElement":[{"@type":"ListItem","position":1,"name":"Strona g\u0142\u00f3wna","item":"https:\/\/ajrest.dkonto.pl\/sklep\/en\/shop\/"},{"@type":"ListItem","position":2,"name":"Shop","item":"https:\/\/ajrest.dkonto.pl\/sklep\/en\/shop\/"},{"@type":"ListItem","position":3,"name":"Rollmasa\u017cer Pro z Podczerwieni\u0105 i Kolagenem"}]},{"@type":"WebSite","@id":"https:\/\/ajrest.dkonto.pl\/sklep\/#website","url":"https:\/\/ajrest.dkonto.pl\/sklep\/","name":"Producent Rollmasa\u017cy - Sklep Sprzeda\u017c i Wynajem - Rollmasa\u017c, Roller, Roletic, Masa\u017c, Masa\u017c Limfatyczny, Studio Figura, Masa\u017cer, Producent rollmasa\u017cy, Rolki, Urz\u0105dzenia do Masa\u017cu, Drena\u017c Limfatyczny","description":"Producent Rollmasa\u017cer\u00f3w - Sklep Sprzeda\u017c i Wynajem - Rollmasa\u017c, Roller, Roletic, Masa\u017c, Studio Figura, Masa\u017c Limfatyczny, Masa\u017cer, Producent rollmasa\u017cy, Rolki, Urz\u0105dzenia do Masa\u017cu, Drena\u017c Limfatyczny","publisher":{"@id":"https:\/\/ajrest.dkonto.pl\/sklep\/#organization"},"potentialAction":[{"@type":"SearchAction","target":{"@type":"EntryPoint","urlTemplate":"https:\/\/ajrest.dkonto.pl\/sklep\/?s={search_term_string}"},"query-input":{"@type":"PropertyValueSpecification","valueRequired":true,"valueName":"search_term_string"}}],"inLanguage":"pl-PL"},{"@type":"Organization","@id":"https:\/\/ajrest.dkonto.pl\/sklep\/#organization","name":"Producent Rollmasa\u017cy - Sklep Sprzeda\u017c i Wynajem - Rollmasa\u017c, Roller, Roletic, Masa\u017c, Masa\u017c Limfatyczny, Studio Figura, Masa\u017cer, Producent rollmasa\u017cy, Rolki, Urz\u0105dzenia do Masa\u017cu, Drena\u017c Limfatyczny","url":"https:\/\/ajrest.dkonto.pl\/sklep\/","logo":{"@type":"ImageObject","inLanguage":"pl-PL","@id":"https:\/\/ajrest.dkonto.pl\/sklep\/#\/schema\/logo\/image\/","url":"https:\/\/ajrest.dkonto.pl\/sklep\/wp-content\/uploads\/sites\/2\/2022\/01\/BE-FIT-AND-HEALTH-ROLL-YOURSELF-1-e1642423074585.png","contentUrl":"https:\/\/ajrest.dkonto.pl\/sklep\/wp-content\/uploads\/sites\/2\/2022\/01\/BE-FIT-AND-HEALTH-ROLL-YOURSELF-1-e1642423074585.png","width":500,"height":138,"caption":"Producent Rollmasa\u017cy - Sklep Sprzeda\u017c i Wynajem - Rollmasa\u017c, Roller, Roletic, Masa\u017c, Masa\u017c Limfatyczny, Studio Figura, Masa\u017cer, Producent rollmasa\u017cy, Rolki, Urz\u0105dzenia do Masa\u017cu, Drena\u017c Limfatyczny"},"image":{"@id":"https:\/\/ajrest.dkonto.pl\/sklep\/#\/schema\/logo\/image\/"}}]}},"_links":{"self":[{"href":"https:\/\/ajrest.dkonto.pl\/sklep\/wp-json\/wp\/v2\/product\/7376"}],"collection":[{"href":"https:\/\/ajrest.dkonto.pl\/sklep\/wp-json\/wp\/v2\/product"}],"about":[{"href":"https:\/\/ajrest.dkonto.pl\/sklep\/wp-json\/wp\/v2\/types\/product"}],"wp:featuredmedia":[{"embeddable":true,"href":"https:\/\/ajrest.dkonto.pl\/sklep\/wp-json\/wp\/v2\/media\/8990"}],"wp:attachment":[{"href":"https:\/\/ajrest.dkonto.pl\/sklep\/wp-json\/wp\/v2\/media?parent=7376"}],"wp:term":[{"taxonomy":"product_cat","embeddable":true,"href":"https:\/\/ajrest.dkonto.pl\/sklep\/wp-json\/wp\/v2\/product_cat?post=7376"},{"taxonomy":"product_tag","embeddable":true,"href":"https:\/\/ajrest.dkonto.pl\/sklep\/wp-json\/wp\/v2\/product_tag?post=7376"}],"curies":[{"name":"wp","href":"https:\/\/api.w.org\/{rel}","templated":true}]}}